{"id":9896,"date":"2025-08-12T10:40:43","date_gmt":"2025-08-12T08:40:43","guid":{"rendered":"https:\/\/sciencesforgirls.com\/?page_id=9896"},"modified":"2025-11-19T10:01:06","modified_gmt":"2025-11-19T09:01:06","slug":"equipe","status":"publish","type":"page","link":"https:\/\/sciencesforgirls.com\/en\/equipe\/","title":{"rendered":"L&#8217;\u00c9quipe"},"content":{"rendered":"\t\t<div data-elementor-type=\"wp-page\" data-elementor-id=\"9896\" class=\"elementor elementor-9896\" data-elementor-post-type=\"page\">\n\t\t\t\t<div class=\"elementor-element elementor-element-cbd69b9 e-con-full e-flex e-con e-parent\" data-id=\"cbd69b9\" data-element_type=\"container\" data-e-type=\"container\">\n\t\t\t\t<div class=\"elementor-element elementor-element-25ca0d5 elementor-widget elementor-widget-heading\" data-id=\"25ca0d5\" data-element_type=\"widget\" data-e-type=\"widget\" data-widget_type=\"heading.default\">\n\t\t\t\t<div class=\"elementor-widget-container\">\n\t\t\t\t\t<h2 class=\"elementor-heading-title elementor-size-default\">Bureau de l'Association<\/h2>\t\t\t\t<\/div>\n\t\t\t\t<\/div>\n\t\t<div class=\"elementor-element elementor-element-7ca00b9 e-flex e-con-boxed e-con e-child\" data-id=\"7ca00b9\" data-element_type=\"container\" data-e-type=\"container\">\n\t\t\t\t\t<div class=\"e-con-inner\">\n\t\t\t\t<div class=\"elementor-element elementor-element-dd5aae5 elementor-widget elementor-widget-ucaddon_team_member_grid\" data-id=\"dd5aae5\" data-element_type=\"widget\" data-e-type=\"widget\" data-widget_type=\"ucaddon_team_member_grid.default\">\n\t\t\t\t<div class=\"elementor-widget-container\">\n\t\t\t\t\t\n<!-- start Team Member Grid -->\n\t\t<link id='font-awesome-css' href='https:\/\/sciencesforgirls.com\/wp-content\/plugins\/unlimited-elements-for-elementor-premium\/assets_libraries\/font-awesome6\/fontawesome-all.min.css' type='text\/css' rel='stylesheet' >\n\t\t<link id='font-awesome-4-shim-css' href='https:\/\/sciencesforgirls.com\/wp-content\/plugins\/unlimited-elements-for-elementor-premium\/assets_libraries\/font-awesome6\/fontawesome-v4-shims.min.css' type='text\/css' rel='stylesheet' >\n\n<style>\/* widget: Team Member Grid *\/\n\n\n\n#uc_team_member_grid_elementor_dd5aae5 *{\n  box-sizing:border-box;\n}\n#uc_team_member_grid_elementor_dd5aae5\n{\n  position:relative;\n  display:grid;\n}\n\n\n#uc_team_member_grid_elementor_dd5aae5 .team_member_grid_image_container\n{\n  display:inline-block;\n  overflow:hidden;\n  position:relative;\n  vertical-align:bottom;\n}\n\n\n#uc_team_member_grid_elementor_dd5aae5 .team_member_grid_image\n{\n  vertical-align:bottom;\n}\n\n#uc_team_member_grid_elementor_dd5aae5 .team_member_grid_image img\n{\n  object-fit:cover;\n  width:100%;\n  display:block;\n  transition:0.5s;\n  vertical-align:bottom;\n}\n#uc_team_member_grid_elementor_dd5aae5 .ue_grid_item\n{\n  position:relative;\n  overflow:hidden;  display:flex;\n  flex-direction:column;\n\n}\n.team_member_grid_title\n{\n  font-size:18px;\n}\n\n#uc_team_member_grid_elementor_dd5aae5 .team_member_grid_icons a\n{\n  display:inline-flex;\n  text-decoration:none;\n  align-items:center;\n  justify-content:center;\n  line-height:1em;\n  transition:0.3s;\n}\n\n#uc_team_member_grid_elementor_dd5aae5 .team_member_grid_icons a svg\n{\n  width:1em;\n  height:1em;\n}\n\n#uc_team_member_grid_elementor_dd5aae5 .uc_more_btn\n{\n  transition:0.3s;\n  text-align:center;\n  text-decoration:none;\n}\n\n#uc_team_member_grid_elementor_dd5aae5 .team_member_grid_image_overlay\n{\n  position:absolute;\n  top:0;\n  left:0;\n  transition:0.3s;\n  display:flex;\n  flex-direction:column;\n  justify-content:center;\n  align-items:center;\n}\n\n#uc_team_member_grid_elementor_dd5aae5 .team_member_grid_content\n{\n  display:flex;\n  flex-direction:column;\n  flex-grow: 1;\n}\n\n\n#uc_team_member_grid_elementor_dd5aae5 .team_member_grid_content .team_member_grid_text\n{\nflex-grow: 1;\n}\n\n#uc_team_member_grid_elementor_dd5aae5 .team_member_grid_content .team_member_grid_icons\n{\n  margin-top:auto;\n}\n\n#uc_team_member_grid_elementor_dd5aae5 .ue-company-logo img\n{\n  width:100%;\n}\n\n\n<\/style>\n\n<div id=\"uc_team_member_grid_elementor_dd5aae5\" class=\"team_member_grid uc-items-wrapper  \" >\n  \n<div class=\"ue_grid_item\">\n  <div class=\"team_member_grid_header\">\n    \n          <div class=\"team_member_grid_image\">\n        <div class=\"team_member_grid_image_container\">\n          <img fetchpriority=\"high\" decoding=\"async\"  alt=\"AlizeeCINQUIN\"  src=\"https:\/\/sciencesforgirls.com\/wp-content\/uploads\/2025\/08\/AlizeeCINQUIN-300x300.png\" alt=\"AlizeeCINQUIN\" width=\"300\" height=\"300\" class=\"lws-optimize-lazyload\" data-src=\"https:\/\/sciencesforgirls.com\/wp-content\/uploads\/2025\/08\/AlizeeCINQUIN-300x300.png\">\n          <div class=\"team_member_grid_image_overlay\">\n            \t\n                                  <\/div>\n        <\/div>\n      <\/div>\n    \n    \t\n    \t\n          \n        \n  <\/div>\n  \n  <div class=\"team_member_grid_content\">\n        \n    <div class=\"team_member_grid_title\">Aliz\u00e9e CINQUIN<\/div>\t\n    <div class=\"team_member_grid_subtitle\">Pr\u00e9sidente<\/div>    <div class=\"ue-company-logo\"><img  class=\"lws-optimize-lazyload\" data-src=\"https:\/\/sciencesforgirls.com\/wp-content\/uploads\/2025\/07\/cropped-Avatar-Logo-SDciGi-300x300.png\"><\/div>    \n    \n    <div class=\"team_member_grid_text\"><p>Notre toute nouvelle pr\u00e9sidente coordonne et anime notre Association<\/p><\/div>\t\n    <div class=\"team_member_grid_icons\">\n  <a class=\"\" href=\"#\" ><i class='fab fa-facebook-f'><\/i><\/a>\t\n  <a class=\"\" href=\"#\" ><i class='fab fa-twitter'><\/i><\/a>\t\n  <a class=\"\" href=\"#\" ><i class='fab fa-instagram'><\/i><\/a>\t\n  \t\n<\/div>\n    \n        \n  <\/div>\n  \n    \n<\/div>\n\n<div class=\"ue_grid_item\">\n  <div class=\"team_member_grid_header\">\n    \n          <div class=\"team_member_grid_image\">\n        <div class=\"team_member_grid_image_container\">\n          <img decoding=\"async\"  alt=\"Avatar-Flavie\"  src=\"https:\/\/sciencesforgirls.com\/wp-content\/uploads\/2025\/08\/Avatar-Flavie-1-300x300.png\" alt=\"Avatar-Flavie\" width=\"300\" height=\"300\" class=\"lws-optimize-lazyload\" data-src=\"https:\/\/sciencesforgirls.com\/wp-content\/uploads\/2025\/08\/Avatar-Flavie-1-300x300.png\">\n          <div class=\"team_member_grid_image_overlay\">\n            \t\n                                  <\/div>\n        <\/div>\n      <\/div>\n    \n    \t\n    \t\n          \n        \n  <\/div>\n  \n  <div class=\"team_member_grid_content\">\n        \n    <div class=\"team_member_grid_title\">Flavie YIMGAING<\/div>\t\n    <div class=\"team_member_grid_subtitle\">Tr\u00e9sori\u00e8re<\/div>    <div class=\"ue-company-logo\"><img  class=\"lws-optimize-lazyload\" data-src=\"https:\/\/sciencesforgirls.com\/wp-content\/uploads\/2025\/07\/cropped-Avatar-Logo-SDciGi-300x300.png\"><\/div>    \n    \n    <div class=\"team_member_grid_text\"><p>Notre nouvelle tr\u00e9sori\u00e8re. Elle s'occupe de la gestion financi\u00e8re et de la comptabilit\u00e9 de notre Association<\/p><\/div>\t\n    <div class=\"team_member_grid_icons\">\n  <a class=\"\" href=\"#\" ><i class='fab fa-facebook-f'><\/i><\/a>\t\n  <a class=\"\" href=\"#\" ><i class='fab fa-twitter'><\/i><\/a>\t\n  <a class=\"\" href=\"#\" ><i class='fab fa-instagram'><\/i><\/a>\t\n  \t\n<\/div>\n    \n        \n  <\/div>\n  \n    \n<\/div>\n\n<\/div>\n<!-- end Team Member Grid -->\t\t\t\t<\/div>\n\t\t\t\t<\/div>\n\t\t\t\t\t<\/div>\n\t\t\t\t<\/div>\n\t\t\t\t<\/div>\n\t\t<div class=\"elementor-element elementor-element-64e5ac6 e-con-full e-flex e-con e-parent\" data-id=\"64e5ac6\" data-element_type=\"container\" data-e-type=\"container\">\n\t\t\t\t<div class=\"elementor-element elementor-element-e5b9678 elementor-widget elementor-widget-heading\" data-id=\"e5b9678\" data-element_type=\"widget\" data-e-type=\"widget\" data-widget_type=\"heading.default\">\n\t\t\t\t<div class=\"elementor-widget-container\">\n\t\t\t\t\t<h2 class=\"elementor-heading-title elementor-size-default\">Communication<\/h2>\t\t\t\t<\/div>\n\t\t\t\t<\/div>\n\t\t\t\t<\/div>\n\t\t\t\t<\/div>\n\t\t","protected":false},"excerpt":{"rendered":"<p>Bureau de l&#8217;Association Aliz\u00e9e CINQUIN Pr\u00e9sidente Notre toute nouvelle pr\u00e9sidente coordonne et anime notre Association Flavie YIMGAING Tr\u00e9sori\u00e8re Notre nouvelle tr\u00e9sori\u00e8re. Elle s&#8217;occupe de la gestion financi\u00e8re et de la comptabilit\u00e9 de notre Association Communication<\/p>\n","protected":false},"author":1,"featured_media":0,"parent":0,"menu_order":0,"comment_status":"closed","ping_status":"closed","template":"","meta":{"_acf_changed":false,"rs_blank_template":"","rs_page_bg_color":"","slide_template_v7":"","footnotes":""},"categories":[],"tags":[],"class_list":["post-9896","page","type-page","status-publish","hentry"],"acf":[],"_links":{"self":[{"href":"https:\/\/sciencesforgirls.com\/en\/wp-json\/wp\/v2\/pages\/9896","targetHints":{"allow":["GET"]}}],"collection":[{"href":"https:\/\/sciencesforgirls.com\/en\/wp-json\/wp\/v2\/pages"}],"about":[{"href":"https:\/\/sciencesforgirls.com\/en\/wp-json\/wp\/v2\/types\/page"}],"author":[{"embeddable":true,"href":"https:\/\/sciencesforgirls.com\/en\/wp-json\/wp\/v2\/users\/1"}],"replies":[{"embeddable":true,"href":"https:\/\/sciencesforgirls.com\/en\/wp-json\/wp\/v2\/comments?post=9896"}],"version-history":[{"count":0,"href":"https:\/\/sciencesforgirls.com\/en\/wp-json\/wp\/v2\/pages\/9896\/revisions"}],"wp:attachment":[{"href":"https:\/\/sciencesforgirls.com\/en\/wp-json\/wp\/v2\/media?parent=9896"}],"wp:term":[{"taxonomy":"category","embeddable":true,"href":"https:\/\/sciencesforgirls.com\/en\/wp-json\/wp\/v2\/categories?post=9896"},{"taxonomy":"post_tag","embeddable":true,"href":"https:\/\/sciencesforgirls.com\/en\/wp-json\/wp\/v2\/tags?post=9896"}],"curies":[{"name":"wp","href":"https:\/\/api.w.org\/{rel}","templated":true}]}}